{"id":291,"date":"2018-02-15T23:02:38","date_gmt":"2018-02-15T23:02:38","guid":{"rendered":"http:\/\/lingos.lv\/?page_id=291"},"modified":"2018-03-28T11:22:02","modified_gmt":"2018-03-28T11:22:02","slug":"rakstiskie-tulkojumi","status":"publish","type":"page","link":"https:\/\/lingos.lv\/lv\/musu-pakalpojumi\/rakstiskie-tulkojumi\/","title":{"rendered":"Rakstiskie tulkojumi"},"content":{"rendered":"<section class=\"l-section wpb_row height_auto\"><div class=\"l-section-h i-cf\"><div class=\"g-cols vc_row type_default valign_top\"><div class=\"vc_col-sm-12 wpb_column vc_column_container\"><div class=\"vc_column-inner\"><div class=\"wpb_wrapper\"><div class=\"w-image align_center\"><div class=\"w-image-h\"><img width=\"1920\" height=\"500\" src=\"https:\/\/lingos.lv\/wp-content\/uploads\/2018\/02\/writting.jpg\" class=\"attachment-full size-full\" alt=\"\" loading=\"lazy\" srcset=\"https:\/\/lingos.lv\/wp-content\/uploads\/2018\/02\/writting.jpg 1920w, https:\/\/lingos.lv\/wp-content\/uploads\/2018\/02\/writting-300x78.jpg 300w, https:\/\/lingos.lv\/wp-content\/uploads\/2018\/02\/writting-768x200.jpg 768w, https:\/\/lingos.lv\/wp-content\/uploads\/2018\/02\/writting-1024x267.jpg 1024w\" sizes=\"(max-width: 1920px) 100vw, 1920px\" \/><\/div><\/div><\/div><\/div><\/div><\/div><\/div><\/section><section class=\"l-section wpb_row height_medium\"><div class=\"l-section-h i-cf\"><div class=\"g-cols vc_row type_default valign_top\"><div class=\"vc_col-sm-12 wpb_column vc_column_container\"><div class=\"vc_column-inner\"><div class=\"wpb_wrapper\">\r\n\t<div class=\"wpb_text_column \">\r\n\t\t<div class=\"wpb_wrapper\">\r\n\t\t\t<p>Sava uz\u0146\u0113muma lab\u0101 j\u016bs esat gatavs dar\u012bt visu, j\u016bs velt\u0101t uzman\u012bbu klientiem un vienm\u0113r uzklaus\u0101t vi\u0146u vajadz\u012bbas. Komunik\u0101cija jums nesag\u0101d\u0101 gr\u016bt\u012bbas. Saskaroties ar valodas vai kult\u016bras barjer\u0101m, viss k\u013c\u016bst sare\u017e\u0123\u012bt\u0101k. Svar\u012bgs ir katrs v\u0101rds, un var gad\u012bties, ka tie\u0161i tulkotu dokumentu vai prezent\u0101ciju kvalit\u0101te nosaka \u0101rvalstu klientu vai partneru pirmo iespaidu par jums.<\/p>\n<p>Tulko\u0161ana ir m\u0101ksla, bet, lai tulkojums b\u016btu kvalitat\u012bvs, j\u0101izmanto profesion\u0101lu speci\u0101listu pakalpojumi. Katrs k\u013c\u016bdaini izv\u0113l\u0113ts vai nepiem\u0113rots v\u0101rds var negat\u012bvi ietekm\u0113t j\u016bsu t\u0113lu un reput\u0101ciju, nemaz nerun\u0101jot par juridisk\u0101m sek\u0101m nepareizi iztulkotu dokumentu gad\u012bjum\u0101. K\u0101p\u0113c risk\u0113t? M\u0113s uzskat\u0101m, ka dokumentu tulko\u0161ana nav teksta vienk\u0101r\u0161a p\u0101rnese no vienas valodas cit\u0101, \u2013 lai profesion\u0101li iztulkotu tekstu, ir vajadz\u012bgas padzi\u013cin\u0101tas valodu zin\u0101\u0161anas un tikai ar pieredzi ieg\u016bstama prasme prec\u012bzi izteikt autora domas ar citas valodas l\u012bdzek\u013ciem. Mums galven\u0101s ir j\u016bsu v\u0113lmes, j\u016bsu vajadz\u012bbu izpratne un ilgtermi\u0146a sadarb\u012bbas izveide.<\/p>\n<p>M\u0113s esam uzkr\u0101ju\u0161i pieredzi un pla\u0161as zin\u0101\u0161anas, sadarbojoties gan ar viet\u0113jiem, gan \u0101rvalstu klientiem, un tulkojam visu veidu tekstus \u2013 no standarta izzi\u0146\u0101m l\u012bdz sare\u017e\u0123\u012btiem juridiskiem un tehniskiem dokumentiem. M\u016bsu kvalific\u0113tie un pieredz\u0113ju\u0161ie speci\u0101listi sp\u0113j nodro\u0161in\u0101t profesion\u0101lus tulko\u0161anas pakalpojumus visda\u017e\u0101d\u0101kaj\u0101s tematiskaj\u0101s jom\u0101s un valodu kombin\u0101cij\u0101s. Sazinieties ar mums, un m\u0113s ar prieku jums pal\u012bdz\u0113sim!<\/p>\n\r\n\t\t<\/div>\r\n\t<\/div>\r\n<\/div><\/div><\/div><\/div><\/div><\/section><section class=\"l-section wpb_row height_medium color_primary with_img parallax_ver with_overlay\"><div class=\"l-section-img\" style=\"background-image: url(https:\/\/lingos.lv\/wp-content\/uploads\/2018\/01\/Global-Innovation-Collider-Image-1.jpg);\" data-img-width=\"1919\" data-img-height=\"813\"><\/div><div class=\"l-section-overlay\" style=\"background-color: rgba(0,0,0,0.48)\"><\/div><div class=\"l-section-h i-cf\"><div class=\"g-cols vc_row type_default valign_top\"><div class=\"vc_col-sm-12 wpb_column vc_column_container\"><div class=\"vc_column-inner\"><div class=\"wpb_wrapper\">\r\n\t<div class=\"wpb_text_column \">\r\n\t\t<div class=\"wpb_wrapper\">\r\n\t\t\t<h2 style=\"text-align: center;\">Cenas piepras\u012bjums<\/h2>\n\r\n\t\t<\/div>\r\n\t<\/div>\r\n<div role=\"form\" class=\"wpcf7\" id=\"wpcf7-f442-o1\" lang=\"en-US\" dir=\"ltr\">\n<div class=\"screen-reader-response\"><p role=\"status\" aria-live=\"polite\" aria-atomic=\"true\"><\/p> <ul><\/ul><\/div>\n<form action=\"\/lv\/wp-json\/wp\/v2\/pages\/291#wpcf7-f442-o1\" method=\"post\" class=\"wpcf7-form init\" enctype=\"multipart\/form-data\" novalidate=\"novalidate\" data-status=\"init\">\n<div style=\"display: none;\">\n<input type=\"hidden\" name=\"_wpcf7\" value=\"442\" \/>\n<input type=\"hidden\" name=\"_wpcf7_version\" value=\"5.5.6\" \/>\n<input type=\"hidden\" name=\"_wpcf7_locale\" value=\"en_US\" \/>\n<input type=\"hidden\" name=\"_wpcf7_unit_tag\" value=\"wpcf7-f442-o1\" \/>\n<input type=\"hidden\" name=\"_wpcf7_container_post\" value=\"0\" \/>\n<input type=\"hidden\" name=\"_wpcf7_posted_data_hash\" value=\"\" \/>\n<\/div>\n<div class=\"g-cols vc_row type_default valign_top\">\n<div class=\"vc_col-sm-12 wpb_column vc_column_container\">\nJa v\u0113laties uzzin\u0101t aptuven\u0101s tulko\u0161anas izmaksas un izpildes termi\u0146u, aizpildiet un ats\u016btiet mums \u0161o veidlapu, un m\u0113s sazin\u0101simies ar jums tuv\u0101kaj\u0101 laik\u0101\n<\/div>\n<div class=\"vc_col-sm-6 wpb_column vc_column_container\">\n<div style='padding:10px;'>\n<label> V\u0101rds\/uzv\u0101rds (oblig\u0101ti)<br \/>\n<span class=\"wpcf7-form-control-wrap your-name\"><input type=\"text\" name=\"your-name\" value=\"\" size=\"40\" class=\"wpcf7-form-control wpcf7-text wpcf7-validates-as-required\" aria-required=\"true\" aria-invalid=\"false\" \/><\/span> <\/label><br \/>\n<label> Uz\u0146\u0113muma nosaukums (vajadz\u012bbas gad\u012bjum\u0101)<br \/>\n<span class=\"wpcf7-form-control-wrap your-company\"><input type=\"text\" name=\"your-company\" value=\"\" size=\"40\" class=\"wpcf7-form-control wpcf7-text\" aria-invalid=\"false\" \/><\/span> <\/label><br \/>\n<label> T\u0101lrunis<br \/>\n<span class=\"wpcf7-form-control-wrap your-phone\"><input type=\"text\" name=\"your-phone\" value=\"\" size=\"40\" class=\"wpcf7-form-control wpcf7-text\" aria-invalid=\"false\" \/><\/span> <\/label><br \/>\n<label> E-pasta adrese (oblig\u0101ti)<br \/>\n<span class=\"wpcf7-form-control-wrap your-email\"><input type=\"email\" name=\"your-email\" value=\"\" size=\"40\" class=\"wpcf7-form-control wpcf7-text wpcf7-email wpcf7-validates-as-required wpcf7-validates-as-email\" aria-required=\"true\" aria-invalid=\"false\" \/><\/span> <\/label><br \/>\n<label> Pievienot failu<br \/>\n<span class=\"wpcf7-form-control-wrap file-596\"><input type=\"file\" name=\"file-596\" size=\"40\" class=\"wpcf7-form-control wpcf7-file\" accept=\".jpg,.jpeg,.png,.gif,.pdf,.doc,.docx,.ppt,.pptx,.odt,.avi,.ogg,.m4a,.mov,.mp3,.mp4,.mpg,.wav,.wmv\" aria-invalid=\"false\" \/><\/span> <\/label><br \/>\n<table width=100% border=0 class=contact_table2 cellspacing=0 cellpadding=0>\n<tr>\n<td width=49% valign=top align=left>\n<label> Avotvaloda (nor\u0101d\u012bt)<br \/>\n    <span class=\"wpcf7-form-control-wrap your-tr1\"><input type=\"text\" name=\"your-tr1\" value=\"\" size=\"40\" class=\"wpcf7-form-control wpcf7-text wpcf7-validates-as-required\" aria-required=\"true\" aria-invalid=\"false\" \/><\/span> <\/label><\/p>\n<\/td>\n<td valign=top align=left>&nbsp;<\/td>\n<td width=49% valign=top align=left>\n<label> M\u0113r\u0137valoda (nor\u0101d\u012bt)<br \/>\n    <span class=\"wpcf7-form-control-wrap your-tr2\"><input type=\"text\" name=\"your-tr2\" value=\"\" size=\"40\" class=\"wpcf7-form-control wpcf7-text wpcf7-validates-as-required\" aria-required=\"true\" aria-invalid=\"false\" \/><\/span> <\/label><\/p>\n<\/td>\n<\/tr>\n<\/table>\n<\/div>\n<\/div>\n<div class=\"vc_col-sm-6 wpb_column vc_column_container\">\n<div style='padding:10px;'>\n<p><label> Notari\u0101ls apliecin\u0101jums<\/label><br \/>\n<span class=\"wpcf7-form-control-wrap radio-196\"><span class=\"wpcf7-form-control wpcf7-radio\"><span class=\"wpcf7-list-item first\"><input type=\"radio\" name=\"radio-196\" value=\"vajadz\u012bgs\" checked=\"checked\" \/><span class=\"wpcf7-list-item-label\">vajadz\u012bgs<\/span><\/span><span class=\"wpcf7-list-item last\"><input type=\"radio\" name=\"radio-196\" value=\"nav vajadz\u012bgs\" \/><span class=\"wpcf7-list-item-label\">nav vajadz\u012bgs<\/span><\/span><\/span><\/span><br \/>\n<label> Kas j\u0101iztulko (ja nepievienojat failu)<br \/>\n<span class=\"wpcf7-form-control-wrap what\"><textarea name=\"what\" cols=\"40\" rows=\"10\" class=\"wpcf7-form-control wpcf7-textarea\" aria-invalid=\"false\"><\/textarea><\/span> <\/label><\/p>\n<p><label> Papildu inform\u0101cija (piem\u0113ram, v\u0113lamais pas\u016bt\u012bjuma izpildes termi\u0146\u0161)<br \/>\n    <span class=\"wpcf7-form-control-wrap your-message\"><textarea name=\"your-message\" cols=\"40\" rows=\"10\" class=\"wpcf7-form-control wpcf7-textarea\" aria-invalid=\"false\"><\/textarea><\/span> <\/label>\n<\/div>\n<\/div>\n<\/div>\n<div style='text-align:center; clear:both;'>\n<div id=\"cf7sr-69e699500208d\" class=\"cf7sr-g-recaptcha\" data-sitekey=\"6LcakJkeAAAAANRAdNpwVh3L84eM9plJ80-Xk0A7\"><\/div><span class=\"wpcf7-form-control-wrap cf7sr-recaptcha\"><input type=\"hidden\" name=\"cf7sr-recaptcha\" value=\"\" class=\"wpcf7-form-control\"><\/span><br><br><br \/>\n<input type=\"submit\" value=\"NOS\u016aT\u012aT\" class=\"wpcf7-form-control has-spinner wpcf7-submit\" \/>\n<\/div>\n<div class=\"wpcf7-response-output\" aria-hidden=\"true\"><\/div><\/form><\/div><\/div><\/div><\/div><\/div><\/div><\/section>\n","protected":false},"excerpt":{"rendered":"Sava uz\u0146\u0113muma lab\u0101 j\u016bs esat gatavs dar\u012bt visu, j\u016bs velt\u0101t uzman\u012bbu klientiem un vienm\u0113r uzklaus\u0101t vi\u0146u vajadz\u012bbas. Komunik\u0101cija jums nesag\u0101d\u0101 gr\u016bt\u012bbas. Saskaroties ar valodas vai kult\u016bras barjer\u0101m, viss k\u013c\u016bst sare\u017e\u0123\u012bt\u0101k. Svar\u012bgs ir katrs v\u0101rds, un var gad\u012bties, ka tie\u0161i tulkotu dokumentu vai prezent\u0101ciju kvalit\u0101te nosaka \u0101rvalstu klientu vai partneru pirmo iespaidu par jums. Tulko\u0161ana ir...","protected":false},"author":1,"featured_media":0,"parent":289,"menu_order":0,"comment_status":"closed","ping_status":"closed","template":"","meta":[],"_links":{"self":[{"href":"https:\/\/lingos.lv\/lv\/wp-json\/wp\/v2\/pages\/291"}],"collection":[{"href":"https:\/\/lingos.lv\/lv\/wp-json\/wp\/v2\/pages"}],"about":[{"href":"https:\/\/lingos.lv\/lv\/wp-json\/wp\/v2\/types\/page"}],"author":[{"embeddable":true,"href":"https:\/\/lingos.lv\/lv\/wp-json\/wp\/v2\/users\/1"}],"replies":[{"embeddable":true,"href":"https:\/\/lingos.lv\/lv\/wp-json\/wp\/v2\/comments?post=291"}],"version-history":[{"count":2,"href":"https:\/\/lingos.lv\/lv\/wp-json\/wp\/v2\/pages\/291\/revisions"}],"predecessor-version":[{"id":593,"href":"https:\/\/lingos.lv\/lv\/wp-json\/wp\/v2\/pages\/291\/revisions\/593"}],"up":[{"embeddable":true,"href":"https:\/\/lingos.lv\/lv\/wp-json\/wp\/v2\/pages\/289"}],"wp:attachment":[{"href":"https:\/\/lingos.lv\/lv\/wp-json\/wp\/v2\/media?parent=291"}],"curies":[{"name":"wp","href":"https:\/\/api.w.org\/{rel}","templated":true}]}}