{"id":325,"date":"2018-02-17T16:24:50","date_gmt":"2018-02-17T16:24:50","guid":{"rendered":"http:\/\/lingos.lv\/?page_id=325"},"modified":"2019-02-02T17:25:27","modified_gmt":"2019-02-02T17:25:27","slug":"mes-tulkojam","status":"publish","type":"page","link":"https:\/\/lingos.lv\/lv\/mes-tulkojam\/","title":{"rendered":"M\u0113s tulkojam"},"content":{"rendered":"<section class=\"l-section wpb_row height_medium\"><div class=\"l-section-h i-cf\"><div class=\"g-cols vc_row type_default valign_top\"><div class=\"vc_col-sm-12 wpb_column vc_column_container\"><div class=\"vc_column-inner\"><div class=\"wpb_wrapper\">\r\n\t<div class=\"wpb_text_column \">\r\n\t\t<div class=\"wpb_wrapper\">\r\n\t\t\t<h3 style=\"text-align: center;\">M\u0113s tulkojam:<\/h3>\n\r\n\t\t<\/div>\r\n\t<\/div>\r\n<div class=\"g-cols wpb_row type_default valign_top vc_inner cells \"><div class=\"vc_col-sm-3 wpb_column vc_column_container\"><div class=\"vc_column-inner\"><div class=\"wpb_wrapper\"><div class=\"w-image\"><div class=\"w-image-h\"><a href=\"https:\/\/lingos.lv\/lv\/mes-tulkojam\/oficiali-dokumenti\/\" title=\"\" target=\"\" rel=\"\"><img width=\"300\" height=\"300\" src=\"https:\/\/lingos.lv\/wp-content\/uploads\/2018\/02\/1-official-documents-1.jpg\" class=\"attachment-full size-full\" alt=\"\" loading=\"lazy\" srcset=\"https:\/\/lingos.lv\/wp-content\/uploads\/2018\/02\/1-official-documents-1.jpg 300w, https:\/\/lingos.lv\/wp-content\/uploads\/2018\/02\/1-official-documents-1-150x150.jpg 150w\" sizes=\"(max-width: 300px) 100vw, 300px\" \/><\/a><\/div><\/div>\r\n\t<div class=\"wpb_text_column \">\r\n\t\t<div class=\"wpb_wrapper\">\r\n\t\t\t<p style=\"text-align: center;\"><span style=\"color: #000000;\"><a style=\"color: #000000;\" href=\"http:\/\/lingos.lv\/lv\/mes-tulkojam\/oficiali-dokumenti\/\">OFICI\u0100LI DOKUMENTI<\/a><\/span><\/p>\n\r\n\t\t<\/div>\r\n\t<\/div>\r\n<\/div><\/div><\/div><div class=\"vc_col-sm-3 wpb_column vc_column_container\"><div class=\"vc_column-inner\"><div class=\"wpb_wrapper\"><div class=\"w-image\"><div class=\"w-image-h\"><a href=\"https:\/\/lingos.lv\/lv\/mes-tulkojam\/juridiskie-dokumenti\/\" title=\"\" target=\"\" rel=\"\"><img width=\"363\" height=\"363\" src=\"https:\/\/lingos.lv\/wp-content\/uploads\/2018\/02\/2-court-docs.jpg\" class=\"attachment-full size-full\" alt=\"\" loading=\"lazy\" srcset=\"https:\/\/lingos.lv\/wp-content\/uploads\/2018\/02\/2-court-docs.jpg 363w, https:\/\/lingos.lv\/wp-content\/uploads\/2018\/02\/2-court-docs-150x150.jpg 150w, https:\/\/lingos.lv\/wp-content\/uploads\/2018\/02\/2-court-docs-300x300.jpg 300w, https:\/\/lingos.lv\/wp-content\/uploads\/2018\/02\/2-court-docs-350x350.jpg 350w\" sizes=\"(max-width: 363px) 100vw, 363px\" \/><\/a><\/div><\/div>\r\n\t<div class=\"wpb_text_column \">\r\n\t\t<div class=\"wpb_wrapper\">\r\n\t\t\t<p style=\"text-align: center;\"><span style=\"color: #000000;\"><a style=\"color: #000000;\" href=\"http:\/\/lingos.lv\/lv\/mes-tulkojam\/juridiskie-dokumenti\/\">JURIDISKIE DOKUMENTI<\/a><\/span><\/p>\n\r\n\t\t<\/div>\r\n\t<\/div>\r\n<\/div><\/div><\/div><div class=\"vc_col-sm-3 wpb_column vc_column_container\"><div class=\"vc_column-inner\"><div class=\"wpb_wrapper\"><div class=\"w-image\"><div class=\"w-image-h\"><a href=\"https:\/\/lingos.lv\/lv\/mes-tulkojam\/finansu-dokumenti\/\" title=\"\" target=\"\" rel=\"\"><img width=\"350\" height=\"350\" src=\"https:\/\/lingos.lv\/wp-content\/uploads\/2018\/02\/3-financial.jpg\" class=\"attachment-full size-full\" alt=\"\" loading=\"lazy\" srcset=\"https:\/\/lingos.lv\/wp-content\/uploads\/2018\/02\/3-financial.jpg 350w, https:\/\/lingos.lv\/wp-content\/uploads\/2018\/02\/3-financial-150x150.jpg 150w, https:\/\/lingos.lv\/wp-content\/uploads\/2018\/02\/3-financial-300x300.jpg 300w\" sizes=\"(max-width: 350px) 100vw, 350px\" \/><\/a><\/div><\/div>\r\n\t<div class=\"wpb_text_column \">\r\n\t\t<div class=\"wpb_wrapper\">\r\n\t\t\t<p style=\"text-align: center;\"><span style=\"color: #000000;\"><a style=\"color: #000000;\" href=\"http:\/\/lingos.lv\/lv\/mes-tulkojam\/finansu-dokumenti\/\">FINAN\u0160U DOKUMENTI<\/a><\/span><\/p>\n\r\n\t\t<\/div>\r\n\t<\/div>\r\n<\/div><\/div><\/div><div class=\"vc_col-sm-3 wpb_column vc_column_container\"><div class=\"vc_column-inner\"><div class=\"wpb_wrapper\"><div class=\"w-image\"><div class=\"w-image-h\"><a href=\"https:\/\/lingos.lv\/lv\/mes-tulkojam\/tirgvedibas-materiali\/\" title=\"\" target=\"\" rel=\"\"><img width=\"294\" height=\"294\" src=\"https:\/\/lingos.lv\/wp-content\/uploads\/2018\/02\/4-marketing2.jpg\" class=\"attachment-full size-full\" alt=\"\" loading=\"lazy\" srcset=\"https:\/\/lingos.lv\/wp-content\/uploads\/2018\/02\/4-marketing2.jpg 294w, https:\/\/lingos.lv\/wp-content\/uploads\/2018\/02\/4-marketing2-150x150.jpg 150w\" sizes=\"(max-width: 294px) 100vw, 294px\" \/><\/a><\/div><\/div>\r\n\t<div class=\"wpb_text_column \">\r\n\t\t<div class=\"wpb_wrapper\">\r\n\t\t\t<p style=\"text-align: center;\"><span style=\"color: #000000;\"><a style=\"color: #000000;\" href=\"http:\/\/lingos.lv\/lv\/mes-tulkojam\/tirgvedibas-materiali\/\">TIRGVED\u012aBAS MATERI\u0100LI<\/a><\/span><\/p>\n\r\n\t\t<\/div>\r\n\t<\/div>\r\n<\/div><\/div><\/div><\/div>[vc_empty_space height=&#8221;22px&#8221;][vc_empty_space height=&#8221;22px&#8221;]<div class=\"g-cols wpb_row type_default valign_top vc_inner cells \"><div class=\"vc_col-sm-3 wpb_column vc_column_container\"><div class=\"vc_column-inner\"><div class=\"wpb_wrapper\"><div class=\"w-image\"><div class=\"w-image-h\"><a href=\"https:\/\/lingos.lv\/lv\/mes-tulkojam\/komercdokumenti\/\" title=\"\" target=\"\" rel=\"\"><img width=\"350\" height=\"350\" src=\"https:\/\/lingos.lv\/wp-content\/uploads\/2018\/02\/commercial-350x350.jpg\" class=\"attachment-us_350_350_crop size-us_350_350_crop\" alt=\"\" loading=\"lazy\" srcset=\"https:\/\/lingos.lv\/wp-content\/uploads\/2018\/02\/commercial-350x350.jpg 350w, https:\/\/lingos.lv\/wp-content\/uploads\/2018\/02\/commercial-150x150.jpg 150w\" sizes=\"(max-width: 350px) 100vw, 350px\" \/><\/a><\/div><\/div>\r\n\t<div class=\"wpb_text_column \">\r\n\t\t<div class=\"wpb_wrapper\">\r\n\t\t\t<p style=\"text-align: center;\"><span style=\"color: #000000;\"><a style=\"color: #000000;\" href=\"http:\/\/lingos.lv\/lv\/mes-tulkojam\/komercdokumenti\/\">KOMERCDOKUMENTI<\/a><\/span><\/p>\n\r\n\t\t<\/div>\r\n\t<\/div>\r\n<\/div><\/div><\/div><div class=\"vc_col-sm-3 wpb_column vc_column_container\"><div class=\"vc_column-inner\"><div class=\"wpb_wrapper\"><div class=\"w-image\"><div class=\"w-image-h\"><a href=\"https:\/\/lingos.lv\/lv\/mes-tulkojam\/mediciniskie-doumenti\/\" title=\"\" target=\"\" rel=\"\"><img width=\"420\" height=\"420\" src=\"https:\/\/lingos.lv\/wp-content\/uploads\/2018\/02\/6-medical3.jpg\" class=\"attachment-full size-full\" alt=\"\" loading=\"lazy\" srcset=\"https:\/\/lingos.lv\/wp-content\/uploads\/2018\/02\/6-medical3.jpg 420w, https:\/\/lingos.lv\/wp-content\/uploads\/2018\/02\/6-medical3-150x150.jpg 150w, https:\/\/lingos.lv\/wp-content\/uploads\/2018\/02\/6-medical3-300x300.jpg 300w, https:\/\/lingos.lv\/wp-content\/uploads\/2018\/02\/6-medical3-350x350.jpg 350w\" sizes=\"(max-width: 420px) 100vw, 420px\" \/><\/a><\/div><\/div>\r\n\t<div class=\"wpb_text_column \">\r\n\t\t<div class=\"wpb_wrapper\">\r\n\t\t\t<p style=\"text-align: center;\"><span style=\"color: #000000;\"><a style=\"color: #000000;\" href=\"http:\/\/lingos.lv\/lv\/mes-tulkojam\/mediciniskie-doumenti\/\">MEDIC\u012aNISKIE DOKUMENTI<\/a><\/span><\/p>\n\r\n\t\t<\/div>\r\n\t<\/div>\r\n<\/div><\/div><\/div><div class=\"vc_col-sm-3 wpb_column vc_column_container\"><div class=\"vc_column-inner\"><div class=\"wpb_wrapper\"><div class=\"w-image\"><div class=\"w-image-h\"><a href=\"https:\/\/lingos.lv\/lv\/mes-tulkojam\/tehniska-dokumentacija\/\" title=\"\" target=\"\" rel=\"\"><img width=\"406\" height=\"406\" src=\"https:\/\/lingos.lv\/wp-content\/uploads\/2018\/02\/7-technical2.jpg\" class=\"attachment-full size-full\" alt=\"\" loading=\"lazy\" srcset=\"https:\/\/lingos.lv\/wp-content\/uploads\/2018\/02\/7-technical2.jpg 406w, https:\/\/lingos.lv\/wp-content\/uploads\/2018\/02\/7-technical2-150x150.jpg 150w, https:\/\/lingos.lv\/wp-content\/uploads\/2018\/02\/7-technical2-300x300.jpg 300w, https:\/\/lingos.lv\/wp-content\/uploads\/2018\/02\/7-technical2-350x350.jpg 350w\" sizes=\"(max-width: 406px) 100vw, 406px\" \/><\/a><\/div><\/div>\r\n\t<div class=\"wpb_text_column \">\r\n\t\t<div class=\"wpb_wrapper\">\r\n\t\t\t<p style=\"text-align: center;\"><span style=\"color: #000000;\"><a style=\"color: #000000;\" href=\"http:\/\/lingos.lv\/lv\/mes-tulkojam\/tehniska-dokumentacija\/\">TEHNISK\u0100 DOKUMENT\u0100CIJA<\/a><\/span><\/p>\n\r\n\t\t<\/div>\r\n\t<\/div>\r\n<\/div><\/div><\/div><div class=\"vc_col-sm-3 wpb_column vc_column_container\"><div class=\"vc_column-inner\"><div class=\"wpb_wrapper\"><div class=\"w-image\"><div class=\"w-image-h\"><a href=\"https:\/\/lingos.lv\/lv\/mes-tulkojam\/privati-dokumenti\/\" title=\"\" target=\"\" rel=\"\"><img width=\"279\" height=\"279\" src=\"https:\/\/lingos.lv\/wp-content\/uploads\/2018\/02\/8-private.jpg\" class=\"attachment-full size-full\" alt=\"\" loading=\"lazy\" srcset=\"https:\/\/lingos.lv\/wp-content\/uploads\/2018\/02\/8-private.jpg 279w, https:\/\/lingos.lv\/wp-content\/uploads\/2018\/02\/8-private-150x150.jpg 150w\" sizes=\"(max-width: 279px) 100vw, 279px\" \/><\/a><\/div><\/div>\r\n\t<div class=\"wpb_text_column \">\r\n\t\t<div class=\"wpb_wrapper\">\r\n\t\t\t<p style=\"text-align: center;\"><span style=\"color: #000000;\"><a style=\"color: #000000;\" href=\"http:\/\/lingos.lv\/lv\/mes-tulkojam\/privati-dokumenti\/\">PRIV\u0100TI DOKUMENTI<\/a><\/span><\/p>\n\r\n\t\t<\/div>\r\n\t<\/div>\r\n<\/div><\/div><\/div><\/div><\/div><\/div><\/div><\/div><\/div><\/section><section class=\"l-section wpb_row height_medium color_primary with_img parallax_ver with_overlay\"><div class=\"l-section-img\" style=\"background-image: url(https:\/\/lingos.lv\/wp-content\/uploads\/2018\/01\/Global-Innovation-Collider-Image-1.jpg);\" data-img-width=\"1919\" data-img-height=\"813\"><\/div><div class=\"l-section-overlay\" style=\"background-color: rgba(0,0,0,0.48)\"><\/div><div class=\"l-section-h i-cf\"><div class=\"g-cols vc_row type_default valign_top\"><div class=\"vc_col-sm-12 wpb_column vc_column_container\"><div class=\"vc_column-inner\"><div class=\"wpb_wrapper\">\r\n\t<div class=\"wpb_text_column \">\r\n\t\t<div class=\"wpb_wrapper\">\r\n\t\t\t<h2 style=\"text-align: center;\">Cena piepras\u012bjums<\/h2>\n\r\n\t\t<\/div>\r\n\t<\/div>\r\n<div role=\"form\" class=\"wpcf7\" id=\"wpcf7-f442-o1\" lang=\"en-US\" dir=\"ltr\">\n<div class=\"screen-reader-response\"><p role=\"status\" aria-live=\"polite\" aria-atomic=\"true\"><\/p> <ul><\/ul><\/div>\n<form action=\"\/lv\/wp-json\/wp\/v2\/pages\/325#wpcf7-f442-o1\" method=\"post\" class=\"wpcf7-form init\" enctype=\"multipart\/form-data\" novalidate=\"novalidate\" data-status=\"init\">\n<div style=\"display: none;\">\n<input type=\"hidden\" name=\"_wpcf7\" value=\"442\" \/>\n<input type=\"hidden\" name=\"_wpcf7_version\" value=\"5.5.6\" \/>\n<input type=\"hidden\" name=\"_wpcf7_locale\" value=\"en_US\" \/>\n<input type=\"hidden\" name=\"_wpcf7_unit_tag\" value=\"wpcf7-f442-o1\" \/>\n<input type=\"hidden\" name=\"_wpcf7_container_post\" value=\"0\" \/>\n<input type=\"hidden\" name=\"_wpcf7_posted_data_hash\" value=\"\" \/>\n<\/div>\n<div class=\"g-cols vc_row type_default valign_top\">\n<div class=\"vc_col-sm-12 wpb_column vc_column_container\">\nJa v\u0113laties uzzin\u0101t aptuven\u0101s tulko\u0161anas izmaksas un izpildes termi\u0146u, aizpildiet un ats\u016btiet mums \u0161o veidlapu, un m\u0113s sazin\u0101simies ar jums tuv\u0101kaj\u0101 laik\u0101\n<\/div>\n<div class=\"vc_col-sm-6 wpb_column vc_column_container\">\n<div style='padding:10px;'>\n<label> V\u0101rds\/uzv\u0101rds (oblig\u0101ti)<br \/>\n<span class=\"wpcf7-form-control-wrap your-name\"><input type=\"text\" name=\"your-name\" value=\"\" size=\"40\" class=\"wpcf7-form-control wpcf7-text wpcf7-validates-as-required\" aria-required=\"true\" aria-invalid=\"false\" \/><\/span> <\/label><br \/>\n<label> Uz\u0146\u0113muma nosaukums (vajadz\u012bbas gad\u012bjum\u0101)<br \/>\n<span class=\"wpcf7-form-control-wrap your-company\"><input type=\"text\" name=\"your-company\" value=\"\" size=\"40\" class=\"wpcf7-form-control wpcf7-text\" aria-invalid=\"false\" \/><\/span> <\/label><br \/>\n<label> T\u0101lrunis<br \/>\n<span class=\"wpcf7-form-control-wrap your-phone\"><input type=\"text\" name=\"your-phone\" value=\"\" size=\"40\" class=\"wpcf7-form-control wpcf7-text\" aria-invalid=\"false\" \/><\/span> <\/label><br \/>\n<label> E-pasta adrese (oblig\u0101ti)<br \/>\n<span class=\"wpcf7-form-control-wrap your-email\"><input type=\"email\" name=\"your-email\" value=\"\" size=\"40\" class=\"wpcf7-form-control wpcf7-text wpcf7-email wpcf7-validates-as-required wpcf7-validates-as-email\" aria-required=\"true\" aria-invalid=\"false\" \/><\/span> <\/label><br \/>\n<label> Pievienot failu<br \/>\n<span class=\"wpcf7-form-control-wrap file-596\"><input type=\"file\" name=\"file-596\" size=\"40\" class=\"wpcf7-form-control wpcf7-file\" accept=\".jpg,.jpeg,.png,.gif,.pdf,.doc,.docx,.ppt,.pptx,.odt,.avi,.ogg,.m4a,.mov,.mp3,.mp4,.mpg,.wav,.wmv\" aria-invalid=\"false\" \/><\/span> <\/label><br \/>\n<table width=100% border=0 class=contact_table2 cellspacing=0 cellpadding=0>\n<tr>\n<td width=49% valign=top align=left>\n<label> Avotvaloda (nor\u0101d\u012bt)<br \/>\n    <span class=\"wpcf7-form-control-wrap your-tr1\"><input type=\"text\" name=\"your-tr1\" value=\"\" size=\"40\" class=\"wpcf7-form-control wpcf7-text wpcf7-validates-as-required\" aria-required=\"true\" aria-invalid=\"false\" \/><\/span> <\/label><\/p>\n<\/td>\n<td valign=top align=left>&nbsp;<\/td>\n<td width=49% valign=top align=left>\n<label> M\u0113r\u0137valoda (nor\u0101d\u012bt)<br \/>\n    <span class=\"wpcf7-form-control-wrap your-tr2\"><input type=\"text\" name=\"your-tr2\" value=\"\" size=\"40\" class=\"wpcf7-form-control wpcf7-text wpcf7-validates-as-required\" aria-required=\"true\" aria-invalid=\"false\" \/><\/span> <\/label><\/p>\n<\/td>\n<\/tr>\n<\/table>\n<\/div>\n<\/div>\n<div class=\"vc_col-sm-6 wpb_column vc_column_container\">\n<div style='padding:10px;'>\n<p><label> Notari\u0101ls apliecin\u0101jums<\/label><br \/>\n<span class=\"wpcf7-form-control-wrap radio-196\"><span class=\"wpcf7-form-control wpcf7-radio\"><span class=\"wpcf7-list-item first\"><input type=\"radio\" name=\"radio-196\" value=\"vajadz\u012bgs\" checked=\"checked\" \/><span class=\"wpcf7-list-item-label\">vajadz\u012bgs<\/span><\/span><span class=\"wpcf7-list-item last\"><input type=\"radio\" name=\"radio-196\" value=\"nav vajadz\u012bgs\" \/><span class=\"wpcf7-list-item-label\">nav vajadz\u012bgs<\/span><\/span><\/span><\/span><br \/>\n<label> Kas j\u0101iztulko (ja nepievienojat failu)<br \/>\n<span class=\"wpcf7-form-control-wrap what\"><textarea name=\"what\" cols=\"40\" rows=\"10\" class=\"wpcf7-form-control wpcf7-textarea\" aria-invalid=\"false\"><\/textarea><\/span> <\/label><\/p>\n<p><label> Papildu inform\u0101cija (piem\u0113ram, v\u0113lamais pas\u016bt\u012bjuma izpildes termi\u0146\u0161)<br \/>\n    <span class=\"wpcf7-form-control-wrap your-message\"><textarea name=\"your-message\" cols=\"40\" rows=\"10\" class=\"wpcf7-form-control wpcf7-textarea\" aria-invalid=\"false\"><\/textarea><\/span> <\/label>\n<\/div>\n<\/div>\n<\/div>\n<div style='text-align:center; clear:both;'>\n<div id=\"cf7sr-69db888b005b4\" class=\"cf7sr-g-recaptcha\" data-sitekey=\"6LcakJkeAAAAANRAdNpwVh3L84eM9plJ80-Xk0A7\"><\/div><span class=\"wpcf7-form-control-wrap cf7sr-recaptcha\"><input type=\"hidden\" name=\"cf7sr-recaptcha\" value=\"\" class=\"wpcf7-form-control\"><\/span><br><br><br \/>\n<input type=\"submit\" value=\"NOS\u016aT\u012aT\" class=\"wpcf7-form-control has-spinner wpcf7-submit\" \/>\n<\/div>\n<div class=\"wpcf7-response-output\" aria-hidden=\"true\"><\/div><\/form><\/div><\/div><\/div><\/div><\/div><\/div><\/section>\n","protected":false},"excerpt":{"rendered":"M\u0113s tulkojam: OFICI\u0100LI DOKUMENTI JURIDISKIE DOKUMENTI FINAN\u0160U DOKUMENTI TIRGVED\u012aBAS MATERI\u0100LI [vc_empty_space height=\"22px\"][vc_empty_space height=\"22px\"] KOMERCDOKUMENTI MEDIC\u012aNISKIE DOKUMENTI TEHNISK\u0100 DOKUMENT\u0100CIJA PRIV\u0100TI DOKUMENTI Cena piepras\u012bjums Ja v\u0113laties uzzin\u0101t aptuven\u0101s tulko\u0161anas izmaksas un izpildes termi\u0146u, aizpildiet un ats\u016btiet mums \u0161o veidlapu, un m\u0113s sazin\u0101simies ar jums tuv\u0101kaj\u0101 laik\u0101 V\u0101rds\/uzv\u0101rds (oblig\u0101ti) Uz\u0146\u0113muma nosaukums (vajadz\u012bbas gad\u012bjum\u0101) T\u0101lrunis E-pasta adrese (oblig\u0101ti) Pievienot...","protected":false},"author":1,"featured_media":0,"parent":0,"menu_order":0,"comment_status":"closed","ping_status":"closed","template":"","meta":[],"_links":{"self":[{"href":"https:\/\/lingos.lv\/lv\/wp-json\/wp\/v2\/pages\/325"}],"collection":[{"href":"https:\/\/lingos.lv\/lv\/wp-json\/wp\/v2\/pages"}],"about":[{"href":"https:\/\/lingos.lv\/lv\/wp-json\/wp\/v2\/types\/page"}],"author":[{"embeddable":true,"href":"https:\/\/lingos.lv\/lv\/wp-json\/wp\/v2\/users\/1"}],"replies":[{"embeddable":true,"href":"https:\/\/lingos.lv\/lv\/wp-json\/wp\/v2\/comments?post=325"}],"version-history":[{"count":3,"href":"https:\/\/lingos.lv\/lv\/wp-json\/wp\/v2\/pages\/325\/revisions"}],"predecessor-version":[{"id":650,"href":"https:\/\/lingos.lv\/lv\/wp-json\/wp\/v2\/pages\/325\/revisions\/650"}],"wp:attachment":[{"href":"https:\/\/lingos.lv\/lv\/wp-json\/wp\/v2\/media?parent=325"}],"curies":[{"name":"wp","href":"https:\/\/api.w.org\/{rel}","templated":true}]}}