{"id":431,"date":"2018-02-24T20:07:55","date_gmt":"2018-02-24T20:07:55","guid":{"rendered":"http:\/\/lingos.lv\/?page_id=431"},"modified":"2018-02-24T20:07:55","modified_gmt":"2018-02-24T20:07:55","slug":"par-mums","status":"publish","type":"page","link":"https:\/\/lingos.lv\/lv\/par-mums\/","title":{"rendered":"Par mums"},"content":{"rendered":"<section class=\"l-section wpb_row height_medium\"><div class=\"l-section-h i-cf\"><div class=\"g-cols vc_row type_default valign_top\"><div class=\"vc_col-sm-12 wpb_column vc_column_container\"><div class=\"vc_column-inner\"><div class=\"wpb_wrapper\">\r\n\t<div class=\"wpb_text_column \">\r\n\t\t<div class=\"wpb_wrapper\">\r\n\t\t\t<p>Sava uz\u0146\u0113muma lab\u0101 j\u016bs esat gatavs dar\u012bt visu, j\u016bs velt\u0101t uzman\u012bbu klientiem, uzklaus\u0101t vi\u0146u vajadz\u012bbas. Sazi\u0146a viet\u0113j\u0101 tirg\u016b jums nesag\u0101d\u0101 gr\u016bt\u012bbas. Starpkult\u016bru komunik\u0101cija ir sare\u017e\u0123\u012bt\u0101ka. Svar\u012bgs ir katrs v\u0101rds, un tulkoto dokumentu kvalit\u0101te b\u016bs pirmais, ko iev\u0113ros j\u016bsu \u0101rvalstu partneri vai klienti. Tulko\u0161ana ir m\u0101ksla, bet, lai tulkojums b\u016btu kvalitat\u012bvs, j\u0101izmanto profesion\u0101lu speci\u0101listu pakalpojumi. Katrs k\u013c\u016bdaini izv\u0113l\u0113ts vai nepiem\u0113rots v\u0101rds var negat\u012bvi ietekm\u0113t j\u016bsu t\u0113lu un reput\u0101ciju. K\u0101p\u0113c risk\u0113t? Tulko\u0161ana nav teksta meh\u0101niska p\u0101rnese no vienas valodas cit\u0101. Mums galven\u0101s ir j\u016bsu v\u0113lmes, j\u016bsu vajadz\u012bbu izpratne un ilgtermi\u0146a sadarb\u012bbas izveide.<\/p>\n<p>M\u016bsu birojs darbojas kop\u0161 2000.\u00a0gada. Visus tulkojumus veic tikai pieredz\u0113ju\u0161i profesion\u0101li tulkot\u0101ji un\/vai konkr\u0113tu jomu speci\u0101listi. Mums ir liela pieredze visda\u017e\u0101d\u0101ko dokumentu tulko\u0161an\u0101 \u2013 no standarta izzi\u0146\u0101m un apliec\u012bb\u0101m l\u012bdz sare\u017e\u0123\u012btiem juridiskiem, finan\u0161u, tehniskiem un medic\u012bniskiem tekstiem un ES un Eiropas Komisijas dokumentiem. M\u0113s \u012bpa\u0161i lepojamies ar savu augsti kvalific\u0113to lingvistu komandu un lielo pieredzi juridisku dokumentu tulko\u0161an\u0101.<\/p>\n<p>M\u0113s str\u0101d\u0101jam saska\u0146\u0101 ar starptautisko standartu LVS EN ISO\u00a017100:2015 (Translation Services \u2013 Requirements for translation services \/ Tulko\u0161anas pakalpojumi. Pras\u012bbas tulko\u0161anas pakalpojumiem).<\/p>\n<p>M\u0113s pied\u0101v\u0101jam:<\/p>\n<ul>\n<li>profesion\u0101lus tulkojumus gandr\u012bz vis\u0101s valod\u0101s<\/li>\n<li>dokumentu tulkojumus ar notari\u0101lu apliecin\u0101jumu vai tulko\u0161anas biroja apliecin\u0101jumu<\/li>\n<li>tulkojumu p\u0101rbaudi, ko veic profesion\u0101li lingvisti<\/li>\n<li>tulkojumu redi\u0123\u0113\u0161anu, ko veic profesion\u0101li redaktori, kuriem tulkojuma valoda ir dzimt\u0101 valoda<\/li>\n<li>m\u0101rketinga un rekl\u0101mas tekstu rado\u0161us tulkojumus<\/li>\n<li>t\u012bmek\u013ca viet\u0146u un citu materi\u0101lu lokaliz\u0101ciju<\/li>\n<li>tulkojumus, izmantojot datoriz\u0113t\u0101s tulko\u0161anas programmu SDL Trados Studio<\/li>\n<li>video un audio ierakstu transkripciju<\/li>\n<li>terminolo\u0123ijas glos\u0101riju izstr\u0101di<\/li>\n<li>elast\u012bgas atlaides par l\u012bdz\u012bgu dokumentu tulko\u0161anu<\/li>\n<li>dokumentu legaliz\u0101ciju<\/li>\n<li>DTP un maket\u0113\u0161anu<\/li>\n<\/ul>\n<p>M\u016bsu pieredze un specializ\u0101cija:<\/p>\n<ul>\n<li>juridiski dokumenti \u2013 l\u012bgumi, vieno\u0161an\u0101s, pilnvaras, tiesu dokumenti, pras\u012bbu pieteikumi<\/li>\n<li>komercdokumenti \u2013 biznesa pl\u0101ni, konkursu dokumenti, biznesa pied\u0101v\u0101jumi, korespondence<\/li>\n<li>finan\u0161u dokumenti \u2013 gada p\u0101rskati, pavadz\u012bmes, r\u0113\u0137ini, t\u0101mes, banku izraksti<\/li>\n<li>ofici\u0101li dokumenti \u2013 ties\u012bbu akti, direkt\u012bvas, l\u0113mumi, standarti<\/li>\n<li>priv\u0101ti dokumenti \u2013 apliec\u012bbas, izraksti, izgl\u012bt\u012bbas dokumenti, izzi\u0146as<\/li>\n<li>m\u0101rketinga materi\u0101li \u2013 prezent\u0101cijas, bro\u0161\u016bras, rekl\u0101mas materi\u0101li, katalogi<\/li>\n<li>tehniski teksti \u2013 instrukcijas, apraksti, specifik\u0101cijas, lietot\u0101ju rokasgr\u0101matas<\/li>\n<li>medic\u012bniski dokumenti \u2013 sl\u0113dzieni, izmekl\u0113jumu rezult\u0101ti, z\u0101\u013cu lieto\u0161anas instrukcijas, kl\u012bniskie p\u0113t\u012bjumi, aptaujas lapas<\/li>\n<\/ul>\n\r\n\t\t<\/div>\r\n\t<\/div>\r\n<\/div><\/div><\/div><\/div><\/div><\/section>\n","protected":false},"excerpt":{"rendered":"Sava uz\u0146\u0113muma lab\u0101 j\u016bs esat gatavs dar\u012bt visu, j\u016bs velt\u0101t uzman\u012bbu klientiem, uzklaus\u0101t vi\u0146u vajadz\u012bbas. Sazi\u0146a viet\u0113j\u0101 tirg\u016b jums nesag\u0101d\u0101 gr\u016bt\u012bbas. Starpkult\u016bru komunik\u0101cija ir sare\u017e\u0123\u012bt\u0101ka. Svar\u012bgs ir katrs v\u0101rds, un tulkoto dokumentu kvalit\u0101te b\u016bs pirmais, ko iev\u0113ros j\u016bsu \u0101rvalstu partneri vai klienti. Tulko\u0161ana ir m\u0101ksla, bet, lai tulkojums b\u016btu kvalitat\u012bvs, j\u0101izmanto profesion\u0101lu speci\u0101listu pakalpojumi. Katrs...","protected":false},"author":1,"featured_media":0,"parent":0,"menu_order":0,"comment_status":"closed","ping_status":"closed","template":"","meta":[],"_links":{"self":[{"href":"https:\/\/lingos.lv\/lv\/wp-json\/wp\/v2\/pages\/431"}],"collection":[{"href":"https:\/\/lingos.lv\/lv\/wp-json\/wp\/v2\/pages"}],"about":[{"href":"https:\/\/lingos.lv\/lv\/wp-json\/wp\/v2\/types\/page"}],"author":[{"embeddable":true,"href":"https:\/\/lingos.lv\/lv\/wp-json\/wp\/v2\/users\/1"}],"replies":[{"embeddable":true,"href":"https:\/\/lingos.lv\/lv\/wp-json\/wp\/v2\/comments?post=431"}],"version-history":[{"count":1,"href":"https:\/\/lingos.lv\/lv\/wp-json\/wp\/v2\/pages\/431\/revisions"}],"predecessor-version":[{"id":432,"href":"https:\/\/lingos.lv\/lv\/wp-json\/wp\/v2\/pages\/431\/revisions\/432"}],"wp:attachment":[{"href":"https:\/\/lingos.lv\/lv\/wp-json\/wp\/v2\/media?parent=431"}],"curies":[{"name":"wp","href":"https:\/\/api.w.org\/{rel}","templated":true}]}}